{"id":2,"date":"2020-05-27T17:00:34","date_gmt":"2020-05-27T15:00:34","guid":{"rendered":"http:\/\/www.divna.sk\/?page_id=2"},"modified":"2020-06-04T15:03:08","modified_gmt":"2020-06-04T13:03:08","slug":"ukazka-strany","status":"publish","type":"page","link":"https:\/\/www.divna.sk\/","title":{"rendered":"VA\u0160A NEZABUDNUTE\u013dN\u00c1 DOVOLENKA"},"content":{"rendered":"\n<p><span class=\"has-inline-color has-vivid-cyan-blue-color\"><strong>DIVNA.  Divn\u00e9 meno Divnej lode v Divnom Chorv\u00e1tsku.<\/strong><\/span><br><br><span class=\"has-inline-color has-vivid-cyan-blue-color\">Pre\u010do Divn\u00e9 meno ? <\/span><br>Divna u n\u00e1s znamen\u00e1 to \u010do znamen\u00e1, v chorv\u00e1t\u010dine v\u0161ak znamen\u00e1 kr\u00e1sna, o\u010daruj\u00faca.<\/p>\n\n\n\n<p><span class=\"has-inline-color has-vivid-cyan-blue-color\">Pre\u010do Divn\u00e1 lo\u010f ? <\/span><br>Nu\u017e, je franc\u00fazka. Elegantn\u00e1, komfortn\u00e1, dobre vybaven\u00e1. Ale aj n\u00e1ro\u010dn\u00e1 na servis a pozornos\u0165. <\/p>\n\n\n\n<p><span class=\"has-inline-color has-vivid-cyan-blue-color\">Pre\u010do v Divnom Chorv\u00e1tsku ?<\/span><br>Chorv\u00e1tsko milujeme, je to tak\u00e9 na\u0161e druh\u00e9 more. V\u017edy sa sem radi vraciame, napriek tomu \u017ee pl\u00e1\u017ee s\u00fa preplnen\u00e9, ceny premr\u0161ten\u00e9 a \u0161tandardy ubytovania \u010dasto n\u00edzke. <\/p>\n\n\n\n<blockquote class=\"wp-block-quote\"><p><\/p><\/blockquote>\n\n\n\n<p><\/p>\n","protected":false},"excerpt":{"rendered":"<p>DIVNA. Divn\u00e9 meno Divnej lode v Divnom Chorv\u00e1tsku. Pre\u010do Divn\u00e9 meno ? Divna u n\u00e1s znamen\u00e1 to \u010do znamen\u00e1, v chorv\u00e1t\u010dine v\u0161ak znamen\u00e1 kr\u00e1sna, o\u010daruj\u00faca. Pre\u010do Divn\u00e1 lo\u010f ? Nu\u017e, je franc\u00fazka. Elegantn\u00e1, komfortn\u00e1, dobre vybaven\u00e1. Ale aj n\u00e1ro\u010dn\u00e1 na servis a pozornos\u0165. Pre\u010do v Divnom Chorv\u00e1tsku ?Chorv\u00e1tsko milujeme, je to tak\u00e9 na\u0161e druh\u00e9 more. &hellip; <\/p>\n<p class=\"link-more\"><a href=\"https:\/\/www.divna.sk\/\" class=\"more-link\">Pokra\u010dova\u0165 v \u010d\u00edtan\u00ed<span class=\"screen-reader-text\"> &#8222;VA\u0160A NEZABUDNUTE\u013dN\u00c1 DOVOLENKA&#8220;<\/span><\/a><\/p>\n","protected":false},"author":1,"featured_media":0,"parent":0,"menu_order":0,"comment_status":"closed","ping_status":"open","template":"","meta":[],"_links":{"self":[{"href":"https:\/\/www.divna.sk\/index.php?rest_route=\/wp\/v2\/pages\/2"}],"collection":[{"href":"https:\/\/www.divna.sk\/index.php?rest_route=\/wp\/v2\/pages"}],"about":[{"href":"https:\/\/www.divna.sk\/index.php?rest_route=\/wp\/v2\/types\/page"}],"author":[{"embeddable":true,"href":"https:\/\/www.divna.sk\/index.php?rest_route=\/wp\/v2\/users\/1"}],"replies":[{"embeddable":true,"href":"https:\/\/www.divna.sk\/index.php?rest_route=%2Fwp%2Fv2%2Fcomments&post=2"}],"version-history":[{"count":7,"href":"https:\/\/www.divna.sk\/index.php?rest_route=\/wp\/v2\/pages\/2\/revisions"}],"predecessor-version":[{"id":34,"href":"https:\/\/www.divna.sk\/index.php?rest_route=\/wp\/v2\/pages\/2\/revisions\/34"}],"wp:attachment":[{"href":"https:\/\/www.divna.sk\/index.php?rest_route=%2Fwp%2Fv2%2Fmedia&parent=2"}],"curies":[{"name":"wp","href":"https:\/\/api.w.org\/{rel}","templated":true}]}}